{"id":335,"date":"2015-01-20T22:48:26","date_gmt":"2015-01-20T22:48:26","guid":{"rendered":"http:\/\/www.ql-dokumentationen.de\/?page_id=335"},"modified":"2015-02-03T10:10:05","modified_gmt":"2015-02-03T09:10:05","slug":"ihre-vorteile","status":"publish","type":"page","link":"https:\/\/www.ql-dokumentationen.de\/pt-pt\/ihre-vorteile\/","title":{"rendered":"Suas Vantagens"},"content":{"rendered":"<div class=\"wpb-content-wrapper\"><p>[vc_row][vc_column width=&#8221;1\/1&#8243;][vc_column_text]<strong>QL Dokumentationen <\/strong>lhe oferece<\/p>\n<ul>\n<li>O Rapido desenvolvimento de projetos<\/li>\n<li>N\u00e3o ha necessidade de preserva\u00e7\u00e3o de pessoal<\/li>\n<li>Garantia de transmiss\u00e3o de conhecimento para os Clientes<\/li>\n<li>Melhorias no acesso do conhecimento interno<\/li>\n<\/ul>\n<p><strong>QL Dokumentationen<\/strong> tem<\/p>\n<ul>\n<li>Longa experi\u00eancia na cria\u00e7\u00e3o de\n<ul>\n<li>Documenta\u00e7\u00f5es de experimentos<\/li>\n<li>Descri\u00e7\u00f5es de trabalho<\/li>\n<li>Manuais de Uso<\/li>\n<li>Descri\u00e7\u00f5es de todos os tipos<\/li>\n<\/ul>\n<\/li>\n<li>Um olhar voltado para as coisas essenciais<\/li>\n<li>Um time crescente de tradutores engajados<\/li>\n<\/ul>\n<p>[\/vc_column_text][\/vc_column][\/vc_row]<\/p>\n<\/div>","protected":false},"excerpt":{"rendered":"<p>[vc_row][vc_column width=&#8221;1\/1&#8243;][vc_column_text]QL Dokumentationen lhe oferece O Rapido desenvolvimento de projetos N\u00e3o ha necessidade de preserva\u00e7\u00e3o de pessoal Garantia de transmiss\u00e3o de conhecimento para os Clientes Melhorias no acesso do conhecimento interno QL Dokumentationen tem Longa experi\u00eancia na cria\u00e7\u00e3o de Documenta\u00e7\u00f5es de experimentos Descri\u00e7\u00f5es de trabalho Manuais de Uso Descri\u00e7\u00f5es de todos os tipos Um olhar&hellip;<\/p>\n","protected":false},"author":1,"featured_media":0,"parent":0,"menu_order":0,"comment_status":"closed","ping_status":"closed","template":"","meta":{"footnotes":""},"class_list":["post-335","page","type-page","status-publish","hentry","description-off"],"_links":{"self":[{"href":"https:\/\/www.ql-dokumentationen.de\/pt-pt\/wp-json\/wp\/v2\/pages\/335","targetHints":{"allow":["GET"]}}],"collection":[{"href":"https:\/\/www.ql-dokumentationen.de\/pt-pt\/wp-json\/wp\/v2\/pages"}],"about":[{"href":"https:\/\/www.ql-dokumentationen.de\/pt-pt\/wp-json\/wp\/v2\/types\/page"}],"author":[{"embeddable":true,"href":"https:\/\/www.ql-dokumentationen.de\/pt-pt\/wp-json\/wp\/v2\/users\/1"}],"replies":[{"embeddable":true,"href":"https:\/\/www.ql-dokumentationen.de\/pt-pt\/wp-json\/wp\/v2\/comments?post=335"}],"version-history":[{"count":2,"href":"https:\/\/www.ql-dokumentationen.de\/pt-pt\/wp-json\/wp\/v2\/pages\/335\/revisions"}],"predecessor-version":[{"id":576,"href":"https:\/\/www.ql-dokumentationen.de\/pt-pt\/wp-json\/wp\/v2\/pages\/335\/revisions\/576"}],"wp:attachment":[{"href":"https:\/\/www.ql-dokumentationen.de\/pt-pt\/wp-json\/wp\/v2\/media?parent=335"}],"curies":[{"name":"wp","href":"https:\/\/api.w.org\/{rel}","templated":true}]}}