{"id":322,"date":"2015-01-20T22:47:43","date_gmt":"2015-01-20T22:47:43","guid":{"rendered":"http:\/\/www.ql-dokumentationen.de\/?page_id=322"},"modified":"2015-01-20T22:47:43","modified_gmt":"2015-01-20T22:47:43","slug":"home-2","status":"publish","type":"page","link":"https:\/\/www.ql-dokumentationen.de\/nl\/home-2\/","title":{"rendered":"Dokumentationen"},"content":{"rendered":"<div class=\"wpb-content-wrapper\"><p>[vc_row][vc_column width=&#8221;1\/1&#8243;][vc_column_text]Das Erstellen von Dokumentationen ist eine wichtige Aufgabe in vielen Bereichen einer Firma.<\/p>\n<p>Sie dienen dem Sichern von Wissen. Nur so kann\u00a0gew\u00e4hrleistet werden, dass Informationen nicht nur in den K\u00f6pfen <span style=\"text-decoration: underline;\">einzelner<\/span> Mitarbeiter schlafen.<\/p>\n<p>Sollten diese Mitarbeiter Aufgrund von Krankheit oder Firmenwechsel nicht zur Verf\u00fcgung stehen, k\u00f6nnen einfache Arbeitsabl\u00e4ufe zu einer riesigen und fast unl\u00f6sbaren Aufgabe werden.<\/p>\n<p>Abgesehen von solchen Extremf\u00e4llen dienen Dokumentationen auch der generellen Beschreibung von Vorg\u00e4ngen, um Risiken f\u00fcr Mensch, Maschine oder Daten abzuschaffen.<\/p>\n<p>Dokumentationen schaffen klare Regeln und Grenzen.<\/p>\n<p>Die Erfahrung zeigt, dass\u00a0diese Dokumentationen nicht von den technischen Mitarbeitern erstellt werden sollten, die in das Alltagsgesch\u00e4ft eingebunden sind und ihre normale Arbeit weiterhin erledigen m\u00fcssen.<\/p>\n<p>Neben dem dringenden t\u00e4glichen Projektgeschehen bleibt meistens keine Zeit gute und gewissenhafte Dokumentationen zu erstellen.<\/p>\n<p>Erschwerend kommt dazu, dass in den meisten F\u00e4llen diese Mitarbeiter weder die Ausbildung noch die Erfahrung haben, eine Dokumentation zu erstellen, die sowohl vollst\u00e4ndig als auch lesbar und so kompakt wie m\u00f6glich ist.<\/p>\n<p>Leider\u00a0besteht die Gefahr, dass eine unvermeidliche\u00a0Betriebsblindheit auftritt, sodass &#8220;selbstverst\u00e4ndliche&#8221; aber wichtige Details nicht dokumentiert werden, &#8220;weil das ja alle wissen&#8221;.[\/vc_column_text][\/vc_column][\/vc_row][vc_row][vc_column width=&#8221;1\/1&#8243;][\/vc_column][\/vc_row]<\/p>\n<\/div>","protected":false},"excerpt":{"rendered":"<p>[vc_row][vc_column width=&#8221;1\/1&#8243;][vc_column_text]Das Erstellen von Dokumentationen ist eine wichtige Aufgabe in vielen Bereichen einer Firma. Sie dienen dem Sichern von Wissen. Nur so kann\u00a0gew\u00e4hrleistet werden, dass Informationen nicht nur in den K\u00f6pfen einzelner Mitarbeiter schlafen. Sollten diese Mitarbeiter Aufgrund von Krankheit oder Firmenwechsel nicht zur Verf\u00fcgung stehen, k\u00f6nnen einfache Arbeitsabl\u00e4ufe zu einer riesigen und fast unl\u00f6sbaren&hellip;<\/p>\n","protected":false},"author":1,"featured_media":0,"parent":0,"menu_order":0,"comment_status":"closed","ping_status":"closed","template":"","meta":{"footnotes":""},"class_list":["post-322","page","type-page","status-publish","hentry","description-off"],"_links":{"self":[{"href":"https:\/\/www.ql-dokumentationen.de\/nl\/wp-json\/wp\/v2\/pages\/322","targetHints":{"allow":["GET"]}}],"collection":[{"href":"https:\/\/www.ql-dokumentationen.de\/nl\/wp-json\/wp\/v2\/pages"}],"about":[{"href":"https:\/\/www.ql-dokumentationen.de\/nl\/wp-json\/wp\/v2\/types\/page"}],"author":[{"embeddable":true,"href":"https:\/\/www.ql-dokumentationen.de\/nl\/wp-json\/wp\/v2\/users\/1"}],"replies":[{"embeddable":true,"href":"https:\/\/www.ql-dokumentationen.de\/nl\/wp-json\/wp\/v2\/comments?post=322"}],"version-history":[{"count":0,"href":"https:\/\/www.ql-dokumentationen.de\/nl\/wp-json\/wp\/v2\/pages\/322\/revisions"}],"wp:attachment":[{"href":"https:\/\/www.ql-dokumentationen.de\/nl\/wp-json\/wp\/v2\/media?parent=322"}],"curies":[{"name":"wp","href":"https:\/\/api.w.org\/{rel}","templated":true}]}}