{"id":340,"date":"2015-01-20T22:47:56","date_gmt":"2015-01-20T22:47:56","guid":{"rendered":"http:\/\/www.ql-dokumentationen.de\/?page_id=340"},"modified":"2015-02-06T17:27:23","modified_gmt":"2015-02-06T16:27:23","slug":"leistungsangebot","status":"publish","type":"page","link":"https:\/\/www.ql-dokumentationen.de\/fr\/leistungsangebot\/","title":{"rendered":"Services"},"content":{"rendered":"<div class=\"wpb-content-wrapper\"><p>[vc_row][vc_column width=\u00a0\u00bb1\/1&Prime;][vc_column_text]<strong>QL Dokumentationen\u00a0<\/strong>vous offre:<\/p>\n<ul>\n<li>Documentations techniques<\/li>\n<li>Descritions de processus<\/li>\n<li>Manuels d&rsquo;utilisateur<\/li>\n<li>Lignes directrices<\/li>\n<li>Guides<\/li>\n<li>Traductions en:\n<ul>\n<li>Anglais<\/li>\n<li>Fran\u00e7ais<\/li>\n<li>Espagnol<\/li>\n<li>Italien<\/li>\n<li>Portugais<\/li>\n<li>Russe<\/li>\n<li>Bulgare<\/li>\n<li>Tch\u00e8que<\/li>\n<li>Turc<\/li>\n<li>Su\u00e9dois<\/li>\n<li>Norv\u00e9gien<\/li>\n<li>Finlandais<\/li>\n<li>Danois<\/li>\n<li>Chinois<\/li>\n<li>Cor\u00e9en<\/li>\n<li>Japonais<\/li>\n<li>Grecque<\/li>\n<li>&#8230;&#8230;..<\/li>\n<\/ul>\n<\/li>\n<\/ul>\n<p>[\/vc_column_text][\/vc_column][\/vc_row]<\/p>\n<\/div>","protected":false},"excerpt":{"rendered":"<p>[vc_row][vc_column width=\u00a0\u00bb1\/1&Prime;][vc_column_text]QL Dokumentationen\u00a0vous offre: Documentations techniques Descritions de processus Manuels d&rsquo;utilisateur Lignes directrices Guides Traductions en: Anglais Fran\u00e7ais Espagnol Italien Portugais Russe Bulgare Tch\u00e8que Turc Su\u00e9dois Norv\u00e9gien Finlandais Danois Chinois Cor\u00e9en Japonais Grecque &#8230;&#8230;.. [\/vc_column_text][\/vc_column][\/vc_row]<\/p>\n","protected":false},"author":1,"featured_media":0,"parent":0,"menu_order":0,"comment_status":"closed","ping_status":"closed","template":"","meta":{"footnotes":""},"class_list":["post-340","page","type-page","status-publish","hentry","description-off"],"_links":{"self":[{"href":"https:\/\/www.ql-dokumentationen.de\/fr\/wp-json\/wp\/v2\/pages\/340","targetHints":{"allow":["GET"]}}],"collection":[{"href":"https:\/\/www.ql-dokumentationen.de\/fr\/wp-json\/wp\/v2\/pages"}],"about":[{"href":"https:\/\/www.ql-dokumentationen.de\/fr\/wp-json\/wp\/v2\/types\/page"}],"author":[{"embeddable":true,"href":"https:\/\/www.ql-dokumentationen.de\/fr\/wp-json\/wp\/v2\/users\/1"}],"replies":[{"embeddable":true,"href":"https:\/\/www.ql-dokumentationen.de\/fr\/wp-json\/wp\/v2\/comments?post=340"}],"version-history":[{"count":2,"href":"https:\/\/www.ql-dokumentationen.de\/fr\/wp-json\/wp\/v2\/pages\/340\/revisions"}],"predecessor-version":[{"id":620,"href":"https:\/\/www.ql-dokumentationen.de\/fr\/wp-json\/wp\/v2\/pages\/340\/revisions\/620"}],"wp:attachment":[{"href":"https:\/\/www.ql-dokumentationen.de\/fr\/wp-json\/wp\/v2\/media?parent=340"}],"curies":[{"name":"wp","href":"https:\/\/api.w.org\/{rel}","templated":true}]}}