{"id":329,"date":"2015-01-20T22:48:26","date_gmt":"2015-01-20T22:48:26","guid":{"rendered":"http:\/\/www.ql-dokumentationen.de\/?page_id=329"},"modified":"2015-02-06T17:20:49","modified_gmt":"2015-02-06T16:20:49","slug":"ihre-vorteile","status":"publish","type":"page","link":"https:\/\/www.ql-dokumentationen.de\/fr\/ihre-vorteile\/","title":{"rendered":"Vos avantages"},"content":{"rendered":"<div class=\"wpb-content-wrapper\"><p>[vc_row][vc_column width=\u00a0\u00bb1\/1&Prime;][vc_column_text]<strong>QL Dokumentationen <\/strong>vous offre:<\/p>\n<ul>\n<li>La rapidit\u00e9 de l&rsquo;ex\u00e9cution des projets<\/li>\n<li>Pas de liaison du personell<\/li>\n<li>D&rsquo;assurer le transfert des connaissances au client<\/li>\n<li>D&rsquo;am\u00e9liorer l&rsquo;acc\u00e8s aux connaissances internes<\/li>\n<\/ul>\n<p><strong>QL Dokumentationen<\/strong> a<\/p>\n<ul>\n<li>de nombreuses ann\u00e9\u00e9s d&rsquo;exp\u00e9rience dans la cr\u00e9ation de:\n<ul>\n<li>Documentation de test<\/li>\n<li>Descriptions de poste<\/li>\n<li>Manuels d&rsquo;utilisateurDifferentes descriptions<\/li>\n<li>la vision de l&rsquo;essentiel<\/li>\n<li>Une \u00e9quipe tr\u00e8s engag\u00e9e et en augmentation permanante de traducteurs<\/li>\n<\/ul>\n<\/li>\n<\/ul>\n<p>[\/vc_column_text][\/vc_column][\/vc_row]<\/p>\n<\/div>","protected":false},"excerpt":{"rendered":"<p>[vc_row][vc_column width=\u00a0\u00bb1\/1&Prime;][vc_column_text]QL Dokumentationen vous offre: La rapidit\u00e9 de l&rsquo;ex\u00e9cution des projets Pas de liaison du personell D&rsquo;assurer le transfert des connaissances au client D&rsquo;am\u00e9liorer l&rsquo;acc\u00e8s aux connaissances internes QL Dokumentationen a de nombreuses ann\u00e9\u00e9s d&rsquo;exp\u00e9rience dans la cr\u00e9ation de: Documentation de test Descriptions de poste Manuels d&rsquo;utilisateurDifferentes descriptions la vision de l&rsquo;essentiel Une \u00e9quipe tr\u00e8s&hellip;<\/p>\n","protected":false},"author":1,"featured_media":0,"parent":0,"menu_order":0,"comment_status":"closed","ping_status":"closed","template":"","meta":{"footnotes":""},"class_list":["post-329","page","type-page","status-publish","hentry","description-off"],"_links":{"self":[{"href":"https:\/\/www.ql-dokumentationen.de\/fr\/wp-json\/wp\/v2\/pages\/329","targetHints":{"allow":["GET"]}}],"collection":[{"href":"https:\/\/www.ql-dokumentationen.de\/fr\/wp-json\/wp\/v2\/pages"}],"about":[{"href":"https:\/\/www.ql-dokumentationen.de\/fr\/wp-json\/wp\/v2\/types\/page"}],"author":[{"embeddable":true,"href":"https:\/\/www.ql-dokumentationen.de\/fr\/wp-json\/wp\/v2\/users\/1"}],"replies":[{"embeddable":true,"href":"https:\/\/www.ql-dokumentationen.de\/fr\/wp-json\/wp\/v2\/comments?post=329"}],"version-history":[{"count":2,"href":"https:\/\/www.ql-dokumentationen.de\/fr\/wp-json\/wp\/v2\/pages\/329\/revisions"}],"predecessor-version":[{"id":618,"href":"https:\/\/www.ql-dokumentationen.de\/fr\/wp-json\/wp\/v2\/pages\/329\/revisions\/618"}],"wp:attachment":[{"href":"https:\/\/www.ql-dokumentationen.de\/fr\/wp-json\/wp\/v2\/media?parent=329"}],"curies":[{"name":"wp","href":"https:\/\/api.w.org\/{rel}","templated":true}]}}