{"id":27,"date":"2015-01-20T22:47:43","date_gmt":"2015-01-20T22:47:43","guid":{"rendered":"http:\/\/www.ql-dokumentationen.de\/?page_id=27"},"modified":"2015-02-06T14:59:37","modified_gmt":"2015-02-06T13:59:37","slug":"home","status":"publish","type":"page","link":"https:\/\/www.ql-dokumentationen.de\/fr\/home\/","title":{"rendered":"Documentation"},"content":{"rendered":"<div class=\"wpb-content-wrapper\"><p>[vc_row][vc_column width=\u00a0\u00bb1\/1&Prime;][vc_column_text]<span class=\"hps\">La cr\u00e9ation de la documentation est une t\u00e2che importante dans de nombreux secteurs d&rsquo;une entreprise.<\/span><\/p>\n<p><span class=\"hps\">Elle est utilis\u00e9e pour la sauvgarde de vos connaissances. La seule fa\u00e7on de s&rsquo;assurer que les informations ne dorment pas dans l&rsquo;esprit d&rsquo;un seul employ\u00e9.<\/span><\/p>\n<p>Si ces employ\u00e9s ne sont pas disponibles en raison de maladie ou de changement d&rsquo;entreprise, les differentes \u00e9tapes de travail peuvent devenir un probl\u00e8me insurmontable.<\/p>\n<p><span class=\"hps\">En dehors de ses cas extr\u00eames ces documents peuvent \u00e9galement servir pour la description g\u00e9n\u00e9rale des processus, \u00e0 \u00e9liminer les risques pour le personnel, les machines ou les donn\u00e9es.<\/span><\/p>\n<p>La documentation \u00e9tabli des regles et des limites Claires.<\/p>\n<p><span class=\"hps\">L&rsquo;exp\u00e9rience montre que cette documentation ne doit pas \u00eatre cr\u00e9e par le personnel technique que est impliqu\u00e9 dans les op\u00e9rations quotidiennes et doit continuer \u00e0 faire son travail habituel.<\/span><\/p>\n<p>A c\u00f4t\u00e9 de ses activit\u00e9s quotidiennes du projet, ces pesonnes n&rsquo;ont g\u00e9n\u00e9ralement pas le temps de mettre en place une bonne et consciencieuse documentation.<\/p>\n<p>Ce personnel n&rsquo;a ni la formation, ni l&rsquo;exp\u00e9rience pour cr\u00e9er un documentaire qui soit lisible et explicite, ce qui agrave la situation.<\/p>\n<p>Il y a malheureusement un risque d&rsquo;ignorance de documenter des d\u00e9tails qui sont \u00e9vidents dans l&rsquo;esprit des employ\u00e9s.[\/vc_column_text][\/vc_column][\/vc_row]<\/p>\n<\/div>","protected":false},"excerpt":{"rendered":"<p>[vc_row][vc_column width=\u00a0\u00bb1\/1&Prime;][vc_column_text]La cr\u00e9ation de la documentation est une t\u00e2che importante dans de nombreux secteurs d&rsquo;une entreprise. Elle est utilis\u00e9e pour la sauvgarde de vos connaissances. La seule fa\u00e7on de s&rsquo;assurer que les informations ne dorment pas dans l&rsquo;esprit d&rsquo;un seul employ\u00e9. Si ces employ\u00e9s ne sont pas disponibles en raison de maladie ou de changement&hellip;<\/p>\n","protected":false},"author":2,"featured_media":0,"parent":0,"menu_order":0,"comment_status":"closed","ping_status":"closed","template":"","meta":{"footnotes":""},"class_list":["post-27","page","type-page","status-publish","hentry","description-off"],"_links":{"self":[{"href":"https:\/\/www.ql-dokumentationen.de\/fr\/wp-json\/wp\/v2\/pages\/27","targetHints":{"allow":["GET"]}}],"collection":[{"href":"https:\/\/www.ql-dokumentationen.de\/fr\/wp-json\/wp\/v2\/pages"}],"about":[{"href":"https:\/\/www.ql-dokumentationen.de\/fr\/wp-json\/wp\/v2\/types\/page"}],"author":[{"embeddable":true,"href":"https:\/\/www.ql-dokumentationen.de\/fr\/wp-json\/wp\/v2\/users\/2"}],"replies":[{"embeddable":true,"href":"https:\/\/www.ql-dokumentationen.de\/fr\/wp-json\/wp\/v2\/comments?post=27"}],"version-history":[{"count":4,"href":"https:\/\/www.ql-dokumentationen.de\/fr\/wp-json\/wp\/v2\/pages\/27\/revisions"}],"predecessor-version":[{"id":613,"href":"https:\/\/www.ql-dokumentationen.de\/fr\/wp-json\/wp\/v2\/pages\/27\/revisions\/613"}],"wp:attachment":[{"href":"https:\/\/www.ql-dokumentationen.de\/fr\/wp-json\/wp\/v2\/media?parent=27"}],"curies":[{"name":"wp","href":"https:\/\/api.w.org\/{rel}","templated":true}]}}