{"id":333,"date":"2015-01-20T22:48:26","date_gmt":"2015-01-20T22:48:26","guid":{"rendered":"http:\/\/www.ql-dokumentationen.de\/?page_id=333"},"modified":"2015-01-29T10:17:20","modified_gmt":"2015-01-29T10:17:20","slug":"ihre-vorteile","status":"publish","type":"page","link":"https:\/\/www.ql-dokumentationen.de\/cs\/ihre-vorteile\/","title":{"rendered":"V\u00fdhody pro V\u00e1s"},"content":{"rendered":"<div class=\"wpb-content-wrapper\"><p>[vc_row][vc_column width=&#8220;1\/1&#8243;][vc_column_text]<strong>QL Dokumentationen <\/strong>V\u00e1m nab\u00edz\u00ed<\/p>\n<ul>\n<li>Rychl\u00e9 prov\u00e1d\u011bn\u00ed projekt\u016f<\/li>\n<li>Bez zat\u011b\u017eov\u00e1n\u00ed pracovn\u00edk\u016f<\/li>\n<li>Zaji\u0161t\u011bn\u00ed p\u0159enosu v\u011bdomost\u00ed k z\u00e1kazn\u00edkovi<\/li>\n<li>Zlep\u0161en\u00ed p\u0159\u00edstupu k intern\u00edm v\u011bdomostem<\/li>\n<\/ul>\n<p><strong>QL Dokumentationen<\/strong> m\u00e1<\/p>\n<ul>\n<li>dlouholet\u00e9 zku\u0161enosti p\u0159i vytv\u00e1\u0159en\u00ed<\/li>\n<li>zku\u0161ebn\u00edch dokumentac\u00ed<\/li>\n<li>pracovn\u00edch postup\u016f<\/li>\n<li>n\u00e1vod\u016f k obsluze<\/li>\n<li>popis\u016f v\u0161eho druhu<\/li>\n<li>smyslu pro podstatn\u00e9 v\u011bci<\/li>\n<li>velmi anga\u017eovan\u00fd a st\u00e1le rostouc\u00ed t\u00fdm p\u0159ekladatel\u016f<\/li>\n<\/ul>\n<p>[\/vc_column_text][\/vc_column][\/vc_row]<\/p>\n<\/div>","protected":false},"excerpt":{"rendered":"<p>[vc_row][vc_column width=&#8220;1\/1&#8243;][vc_column_text]QL Dokumentationen V\u00e1m nab\u00edz\u00ed Rychl\u00e9 prov\u00e1d\u011bn\u00ed projekt\u016f Bez zat\u011b\u017eov\u00e1n\u00ed pracovn\u00edk\u016f Zaji\u0161t\u011bn\u00ed p\u0159enosu v\u011bdomost\u00ed k z\u00e1kazn\u00edkovi Zlep\u0161en\u00ed p\u0159\u00edstupu k intern\u00edm v\u011bdomostem QL Dokumentationen m\u00e1 dlouholet\u00e9 zku\u0161enosti p\u0159i vytv\u00e1\u0159en\u00ed zku\u0161ebn\u00edch dokumentac\u00ed pracovn\u00edch postup\u016f n\u00e1vod\u016f k obsluze popis\u016f v\u0161eho druhu smyslu pro podstatn\u00e9 v\u011bci velmi anga\u017eovan\u00fd a st\u00e1le rostouc\u00ed t\u00fdm p\u0159ekladatel\u016f [\/vc_column_text][\/vc_column][\/vc_row]<\/p>\n","protected":false},"author":1,"featured_media":0,"parent":0,"menu_order":0,"comment_status":"closed","ping_status":"closed","template":"","meta":{"footnotes":""},"class_list":["post-333","page","type-page","status-publish","hentry","description-off"],"_links":{"self":[{"href":"https:\/\/www.ql-dokumentationen.de\/cs\/wp-json\/wp\/v2\/pages\/333","targetHints":{"allow":["GET"]}}],"collection":[{"href":"https:\/\/www.ql-dokumentationen.de\/cs\/wp-json\/wp\/v2\/pages"}],"about":[{"href":"https:\/\/www.ql-dokumentationen.de\/cs\/wp-json\/wp\/v2\/types\/page"}],"author":[{"embeddable":true,"href":"https:\/\/www.ql-dokumentationen.de\/cs\/wp-json\/wp\/v2\/users\/1"}],"replies":[{"embeddable":true,"href":"https:\/\/www.ql-dokumentationen.de\/cs\/wp-json\/wp\/v2\/comments?post=333"}],"version-history":[{"count":2,"href":"https:\/\/www.ql-dokumentationen.de\/cs\/wp-json\/wp\/v2\/pages\/333\/revisions"}],"predecessor-version":[{"id":460,"href":"https:\/\/www.ql-dokumentationen.de\/cs\/wp-json\/wp\/v2\/pages\/333\/revisions\/460"}],"wp:attachment":[{"href":"https:\/\/www.ql-dokumentationen.de\/cs\/wp-json\/wp\/v2\/media?parent=333"}],"curies":[{"name":"wp","href":"https:\/\/api.w.org\/{rel}","templated":true}]}}