{"id":323,"date":"2015-01-20T22:47:43","date_gmt":"2015-01-20T22:47:43","guid":{"rendered":"http:\/\/www.ql-dokumentationen.de\/?page_id=323"},"modified":"2015-01-29T10:14:42","modified_gmt":"2015-01-29T10:14:42","slug":"home-2","status":"publish","type":"page","link":"https:\/\/www.ql-dokumentationen.de\/cs\/home-2\/","title":{"rendered":"Dokumentace"},"content":{"rendered":"<div class=\"wpb-content-wrapper\"><p>[vc_row][vc_column width=&#8220;1\/1&#8243;][vc_column_text]Vytv\u00e1\u0159en\u00ed dokumentac\u00ed je d\u016fle\u017eit\u00fdm \u00fakolem v mnoha oblastech firmy.<\/p>\n<p>Slou\u017e\u00ed k zaji\u0161t\u011bn\u00ed v\u011bdomost\u00ed. Jen tak je mo\u017en\u00e9 zajistit, aby informace nez\u016fstaly pouze v hlav\u00e1ch jednotliv\u00fdch pracovn\u00edk\u016f.<\/p>\n<p>Pokud nejsou pracovn\u00edci z d\u016fvodu nemoci nebo odchodu z firmy k dispozici, mohou se st\u00e1t jednoduch\u00e9 pracovn\u00ed postupy obrovsk\u00fdm a t\u00e9m\u011b\u0159 ne\u0159e\u0161iteln\u00fdm \u00fakolem.<\/p>\n<p>Bez ohledu na takov\u00e9 extr\u00e9mn\u00ed p\u0159\u00edpady slou\u017e\u00ed dokumentace tak\u00e9 jako obecn\u00fd popis postup\u016f k tomu, aby se odstranila rizika pro \u010dlov\u011bka, stroj nebo data.<\/p>\n<p>Dokumentace vytv\u00e1\u0159ej\u00ed jasn\u00e1 pravidla a meze.<\/p>\n<p>Zku\u0161enosti ukazuj\u00ed, \u017ee by tyto dokumentace nem\u011bli zpracov\u00e1vat techni\u010dt\u00ed pracovn\u00edci, kte\u0159\u00ed jsou zapojeni do ka\u017edodenn\u00ed \u010dinnosti a musej\u00ed nad\u00e1le vykon\u00e1vat svou b\u011b\u017enou pr\u00e1ci.<\/p>\n<p>Vedle nal\u00e9hav\u00e9 ka\u017edodenn\u00ed \u010dinnosti na projektech nezb\u00fdv\u00e1 v\u011bt\u0161inou \u010das na vypracov\u00e1n\u00ed sv\u011bdomit\u00e9 dokumentace.<\/p>\n<p>K tomu se p\u0159id\u00e1v\u00e1 tak\u00e9 ten probl\u00e9m, \u017ee ve v\u011bt\u0161in\u011b p\u0159\u00edpad\u016f tito pracovn\u00edci nemaj\u00ed ani vzd\u011bl\u00e1n\u00ed, ani zku\u0161enosti s vypracov\u00e1v\u00e1n\u00edm dokumentace, kter\u00e1 m\u00e1 b\u00fdt jak \u00fapln\u00e1, tak i \u010diteln\u00e1 a co nejv\u00edce kompaktn\u00ed.<\/p>\n<p>Bohu\u017eel vznik\u00e1 nebezpe\u010d\u00ed, \u017ee nastane tzv. provozn\u00ed slepota, tj. \u017ee se nezdokumentuj\u00ed \u201esamoz\u0159ejm\u00e9\u201c v\u011bci a detaily, \u201eproto\u017ee to p\u0159ece v\u0161ichni v\u011bd\u00ed\u201c[\/vc_column_text][\/vc_column][\/vc_row][vc_row][vc_column width=&#8220;1\/1&#8243;][\/vc_column][\/vc_row]<\/p>\n<\/div>","protected":false},"excerpt":{"rendered":"<p>[vc_row][vc_column width=&#8220;1\/1&#8243;][vc_column_text]Vytv\u00e1\u0159en\u00ed dokumentac\u00ed je d\u016fle\u017eit\u00fdm \u00fakolem v mnoha oblastech firmy. Slou\u017e\u00ed k zaji\u0161t\u011bn\u00ed v\u011bdomost\u00ed. Jen tak je mo\u017en\u00e9 zajistit, aby informace nez\u016fstaly pouze v hlav\u00e1ch jednotliv\u00fdch pracovn\u00edk\u016f. Pokud nejsou pracovn\u00edci z d\u016fvodu nemoci nebo odchodu z firmy k dispozici, mohou se st\u00e1t jednoduch\u00e9 pracovn\u00ed postupy obrovsk\u00fdm a t\u00e9m\u011b\u0159 ne\u0159e\u0161iteln\u00fdm \u00fakolem. Bez ohledu na takov\u00e9 extr\u00e9mn\u00ed&hellip;<\/p>\n","protected":false},"author":1,"featured_media":0,"parent":0,"menu_order":0,"comment_status":"closed","ping_status":"closed","template":"","meta":{"footnotes":""},"class_list":["post-323","page","type-page","status-publish","hentry","description-off"],"_links":{"self":[{"href":"https:\/\/www.ql-dokumentationen.de\/cs\/wp-json\/wp\/v2\/pages\/323","targetHints":{"allow":["GET"]}}],"collection":[{"href":"https:\/\/www.ql-dokumentationen.de\/cs\/wp-json\/wp\/v2\/pages"}],"about":[{"href":"https:\/\/www.ql-dokumentationen.de\/cs\/wp-json\/wp\/v2\/types\/page"}],"author":[{"embeddable":true,"href":"https:\/\/www.ql-dokumentationen.de\/cs\/wp-json\/wp\/v2\/users\/1"}],"replies":[{"embeddable":true,"href":"https:\/\/www.ql-dokumentationen.de\/cs\/wp-json\/wp\/v2\/comments?post=323"}],"version-history":[{"count":2,"href":"https:\/\/www.ql-dokumentationen.de\/cs\/wp-json\/wp\/v2\/pages\/323\/revisions"}],"predecessor-version":[{"id":459,"href":"https:\/\/www.ql-dokumentationen.de\/cs\/wp-json\/wp\/v2\/pages\/323\/revisions\/459"}],"wp:attachment":[{"href":"https:\/\/www.ql-dokumentationen.de\/cs\/wp-json\/wp\/v2\/media?parent=323"}],"curies":[{"name":"wp","href":"https:\/\/api.w.org\/{rel}","templated":true}]}}