{"id":302,"date":"2015-01-21T15:36:55","date_gmt":"2015-01-21T15:36:55","guid":{"rendered":"http:\/\/www.ql-dokumentationen.de\/?page_id=302"},"modified":"2015-01-29T10:19:58","modified_gmt":"2015-01-29T10:19:58","slug":"test1","status":"publish","type":"page","link":"https:\/\/www.ql-dokumentationen.de\/cs\/","title":{"rendered":"\u00davodn\u00ed str\u00e1nka"},"content":{"rendered":"<div class=\"wpb-content-wrapper\"><p>[vc_row][vc_column width=&#8220;1\/1&#8243;][\/vc_column][\/vc_row]<\/p>\n<\/div>","protected":false},"excerpt":{"rendered":"<p>[vc_row][vc_column width=&#8220;1\/1&#8243;][\/vc_column][\/vc_row]<\/p>\n","protected":false},"author":2,"featured_media":0,"parent":0,"menu_order":0,"comment_status":"closed","ping_status":"closed","template":"","meta":{"footnotes":""},"class_list":["post-302","page","type-page","status-publish","hentry","description-off"],"_links":{"self":[{"href":"https:\/\/www.ql-dokumentationen.de\/cs\/wp-json\/wp\/v2\/pages\/302","targetHints":{"allow":["GET"]}}],"collection":[{"href":"https:\/\/www.ql-dokumentationen.de\/cs\/wp-json\/wp\/v2\/pages"}],"about":[{"href":"https:\/\/www.ql-dokumentationen.de\/cs\/wp-json\/wp\/v2\/types\/page"}],"author":[{"embeddable":true,"href":"https:\/\/www.ql-dokumentationen.de\/cs\/wp-json\/wp\/v2\/users\/2"}],"replies":[{"embeddable":true,"href":"https:\/\/www.ql-dokumentationen.de\/cs\/wp-json\/wp\/v2\/comments?post=302"}],"version-history":[{"count":2,"href":"https:\/\/www.ql-dokumentationen.de\/cs\/wp-json\/wp\/v2\/pages\/302\/revisions"}],"predecessor-version":[{"id":464,"href":"https:\/\/www.ql-dokumentationen.de\/cs\/wp-json\/wp\/v2\/pages\/302\/revisions\/464"}],"wp:attachment":[{"href":"https:\/\/www.ql-dokumentationen.de\/cs\/wp-json\/wp\/v2\/media?parent=302"}],"curies":[{"name":"wp","href":"https:\/\/api.w.org\/{rel}","templated":true}]}}